{"id":26,"date":"2024-08-23T17:48:38","date_gmt":"2024-08-23T23:48:38","guid":{"rendered":"https:\/\/jrdesign.com.mx\/?page_id=26"},"modified":"2026-04-05T22:36:51","modified_gmt":"2026-04-06T04:36:51","slug":"servicios","status":"publish","type":"page","link":"https:\/\/jrdesign.com.mx\/en\/servicios\/","title":{"rendered":"Services"},"content":{"rendered":"\t\t<div data-elementor-type=\"wp-page\" data-elementor-id=\"26\" class=\"elementor elementor-26\" data-elementor-post-type=\"page\">\n\t\t\t\t<div class=\"elementor-element elementor-element-bf0d01f e-flex e-con-boxed e-con e-parent\" data-id=\"bf0d01f\" data-element_type=\"container\" data-e-type=\"container\">\n\t\t\t\t\t<div class=\"e-con-inner\">\n\t\t\t\t<div class=\"elementor-element elementor-element-5c300ec elementor-invisible elementor-widget elementor-widget-heading\" data-id=\"5c300ec\" data-element_type=\"widget\" data-e-type=\"widget\" data-settings=\"{&quot;_animation&quot;:&quot;slideInRight&quot;}\" data-widget_type=\"heading.default\">\n\t\t\t\t<div class=\"elementor-widget-container\">\n\t\t\t\t\t<h2 class=\"elementor-heading-title elementor-size-default\">\u00bfC\u00f3mo puedo ayudarte?<\/h2>\t\t\t\t<\/div>\n\t\t\t\t<\/div>\n\t\t\t\t\t<\/div>\n\t\t\t\t<\/div>\n\t\t<div class=\"elementor-element elementor-element-a09140d e-flex e-con-boxed e-con e-parent\" data-id=\"a09140d\" data-element_type=\"container\" data-e-type=\"container\">\n\t\t\t\t\t<div class=\"e-con-inner\">\n\t\t<div class=\"elementor-element elementor-element-bc4fd9c e-grid e-con-full elementor-invisible e-con e-child\" data-id=\"bc4fd9c\" data-element_type=\"container\" data-e-type=\"container\" data-settings=\"{&quot;animation&quot;:&quot;slideInLeft&quot;}\">\n\t\t<div class=\"elementor-element elementor-element-0623596 e-con-full e-flex e-con e-child\" data-id=\"0623596\" data-element_type=\"container\" data-e-type=\"container\">\n\t\t\t\t<div class=\"elementor-element elementor-element-862d1be elementor-widget elementor-widget-heading\" data-id=\"862d1be\" data-element_type=\"widget\" data-e-type=\"widget\" data-widget_type=\"heading.default\">\n\t\t\t\t<div class=\"elementor-widget-container\">\n\t\t\t\t\t<h1 class=\"elementor-heading-title elementor-size-default\">Sitio Web<\/h1>\t\t\t\t<\/div>\n\t\t\t\t<\/div>\n\t\t\t\t<div class=\"elementor-element elementor-element-9c0f206 elementor-widget elementor-widget-heading\" data-id=\"9c0f206\" data-element_type=\"widget\" data-e-type=\"widget\" data-widget_type=\"heading.default\">\n\t\t\t\t<div class=\"elementor-widget-container\">\n\t\t\t\t\t<h2 class=\"elementor-heading-title elementor-size-default\">Dise\u00f1o y desarrollo de tu sitio web personalizado con la mejor experiencia de usuario y adaptable en todos los dispositivos.<\/h2>\t\t\t\t<\/div>\n\t\t\t\t<\/div>\n\t\t\t\t<div class=\"elementor-element elementor-element-a7c0d56 elementor-widget elementor-widget-toggle\" data-id=\"a7c0d56\" data-element_type=\"widget\" data-e-type=\"widget\" data-widget_type=\"toggle.default\">\n\t\t\t\t<div class=\"elementor-widget-container\">\n\t\t\t\t\t\t\t<div class=\"elementor-toggle\">\n\t\t\t\t\t\t\t<div class=\"elementor-toggle-item\">\n\t\t\t\t\t<div id=\"elementor-tab-title-1751\" class=\"elementor-tab-title\" data-tab=\"1\" role=\"button\" aria-controls=\"elementor-tab-content-1751\" aria-expanded=\"false\">\n\t\t\t\t\t\t\t\t\t\t\t\t<span class=\"elementor-toggle-icon elementor-toggle-icon-left\" aria-hidden=\"true\">\n\t\t\t\t\t\t\t\t\t\t\t\t\t\t\t<span class=\"elementor-toggle-icon-closed\"><svg class=\"e-font-icon-svg e-fas-caret-right\" viewBox=\"0 0 192 512\" xmlns=\"http:\/\/www.w3.org\/2000\/svg\"><path d=\"M0 384.662V127.338c0-17.818 21.543-26.741 34.142-14.142l128.662 128.662c7.81 7.81 7.81 20.474 0 28.284L34.142 398.804C21.543 411.404 0 402.48 0 384.662z\"><\/path><\/svg><\/span>\n\t\t\t\t\t\t\t\t<span class=\"elementor-toggle-icon-opened\"><svg class=\"elementor-toggle-icon-opened e-font-icon-svg e-fas-caret-up\" viewBox=\"0 0 320 512\" xmlns=\"http:\/\/www.w3.org\/2000\/svg\"><path d=\"M288.662 352H31.338c-17.818 0-26.741-21.543-14.142-34.142l128.662-128.662c7.81-7.81 20.474-7.81 28.284 0l128.662 128.662c12.6 12.599 3.676 34.142-14.142 34.142z\"><\/path><\/svg><\/span>\n\t\t\t\t\t\t\t\t\t\t\t\t\t<\/span>\n\t\t\t\t\t\t\t\t\t\t\t\t<a class=\"elementor-toggle-title\" tabindex=\"0\">\u00bfQu\u00e9 incluye?<\/a>\n\t\t\t\t\t<\/div>\n\n\t\t\t\t\t<div id=\"elementor-tab-content-1751\" class=\"elementor-tab-content elementor-clearfix\" data-tab=\"1\" role=\"region\" aria-labelledby=\"elementor-tab-title-1751\"><ul><li>5 secciones (Inicio, nosotros, productos, contacto, etc).<\/li><li>Im\u00e1genes.<\/li><li>Im\u00e1genes de stock.<\/li><li>Iconos.<\/li><li>Formulario de contacto.<\/li><li>Dise\u00f1o UX\/UI<\/li><li>Dise\u00f1o responsivo (Adaptable a todos los dispositivos).<\/li><li>Optimizaci\u00f3n SEO<\/li><\/ul><\/div>\n\t\t\t\t<\/div>\n\t\t\t\t\t\t\t\t\t\t<script type=\"application\/ld+json\">{\"@context\":\"https:\\\/\\\/schema.org\",\"@type\":\"FAQPage\",\"mainEntity\":[{\"@type\":\"Question\",\"name\":\"\\u00bfQu\\u00e9 incluye?\",\"acceptedAnswer\":{\"@type\":\"Answer\",\"text\":\"<ul><li>5 secciones (Inicio, nosotros, productos, contacto, etc).<\\\/li><li>Im\\u00e1genes.<\\\/li><li>Im\\u00e1genes de stock.<\\\/li><li>Iconos.<\\\/li><li>Formulario de contacto.<\\\/li><li>Dise\\u00f1o UX\\\/UI<\\\/li><li>Dise\\u00f1o responsivo (Adaptable a todos los dispositivos).<\\\/li><li>Optimizaci\\u00f3n SEO<\\\/li><\\\/ul>\"}}]}<\/script>\n\t\t\t\t\t<\/div>\n\t\t\t\t\t\t<\/div>\n\t\t\t\t<\/div>\n\t\t\t\t<div class=\"elementor-element elementor-element-aeb58d1 elementor-align-center elementor-widget elementor-widget-button\" data-id=\"aeb58d1\" data-element_type=\"widget\" data-e-type=\"widget\" data-widget_type=\"button.default\">\n\t\t\t\t<div class=\"elementor-widget-container\">\n\t\t\t\t\t\t\t\t\t<div class=\"elementor-button-wrapper\">\n\t\t\t\t\t<a class=\"elementor-button elementor-button-link elementor-size-sm\" href=\"https:\/\/jrdesign.com.mx\/contacto\/\">\n\t\t\t\t\t\t<span class=\"elementor-button-content-wrapper\">\n\t\t\t\t\t\t\t\t\t<span class=\"elementor-button-text\">Cotizar<\/span>\n\t\t\t\t\t<\/span>\n\t\t\t\t\t<\/a>\n\t\t\t\t<\/div>\n\t\t\t\t\t\t\t\t<\/div>\n\t\t\t\t<\/div>\n\t\t\t\t<\/div>\n\t\t\t\t<div class=\"elementor-element elementor-element-45c5302 elementor-widget elementor-widget-image\" data-id=\"45c5302\" data-element_type=\"widget\" data-e-type=\"widget\" data-widget_type=\"image.default\">\n\t\t\t\t<div class=\"elementor-widget-container\">\n\t\t\t\t\t\t\t\t\t\t\t\t\t\t\t<img fetchpriority=\"high\" decoding=\"async\" width=\"1024\" height=\"1024\" src=\"https:\/\/jrdesign.com.mx\/wp-content\/uploads\/2024\/08\/ServicioSitioWeb-1024x1024.webp\" class=\"attachment-large size-large wp-image-1133\" alt=\"sitio web arqademy\" srcset=\"https:\/\/jrdesign.com.mx\/wp-content\/uploads\/2024\/08\/ServicioSitioWeb-1024x1024.webp 1024w, https:\/\/jrdesign.com.mx\/wp-content\/uploads\/2024\/08\/ServicioSitioWeb-300x300.webp 300w, https:\/\/jrdesign.com.mx\/wp-content\/uploads\/2024\/08\/ServicioSitioWeb-100x100.webp 100w, https:\/\/jrdesign.com.mx\/wp-content\/uploads\/2024\/08\/ServicioSitioWeb-800x800.webp 800w, https:\/\/jrdesign.com.mx\/wp-content\/uploads\/2024\/08\/ServicioSitioWeb-150x150.webp 150w, https:\/\/jrdesign.com.mx\/wp-content\/uploads\/2024\/08\/ServicioSitioWeb-768x768.webp 768w, https:\/\/jrdesign.com.mx\/wp-content\/uploads\/2024\/08\/ServicioSitioWeb-1536x1536.webp 1536w, https:\/\/jrdesign.com.mx\/wp-content\/uploads\/2024\/08\/ServicioSitioWeb-12x12.webp 12w, https:\/\/jrdesign.com.mx\/wp-content\/uploads\/2024\/08\/ServicioSitioWeb.webp 1653w\" sizes=\"(max-width: 1024px) 100vw, 1024px\" \/>\t\t\t\t\t\t\t\t\t\t\t\t\t\t\t<\/div>\n\t\t\t\t<\/div>\n\t\t\t\t<\/div>\n\t\t\t\t\t<\/div>\n\t\t\t\t<\/div>\n\t\t<div class=\"elementor-element elementor-element-5f7d0cb e-flex e-con-boxed e-con e-parent\" data-id=\"5f7d0cb\" data-element_type=\"container\" data-e-type=\"container\">\n\t\t\t\t\t<div class=\"e-con-inner\">\n\t\t<div class=\"elementor-element elementor-element-8c28c48 e-grid e-con-full elementor-invisible e-con e-child\" data-id=\"8c28c48\" data-element_type=\"container\" data-e-type=\"container\" data-settings=\"{&quot;animation&quot;:&quot;fadeInRight&quot;}\">\n\t\t<div class=\"elementor-element elementor-element-890fc6b e-con-full e-flex e-con e-child\" data-id=\"890fc6b\" data-element_type=\"container\" data-e-type=\"container\">\n\t\t\t\t<div class=\"elementor-element elementor-element-1a2a043 elementor-widget elementor-widget-heading\" data-id=\"1a2a043\" data-element_type=\"widget\" data-e-type=\"widget\" data-widget_type=\"heading.default\">\n\t\t\t\t<div class=\"elementor-widget-container\">\n\t\t\t\t\t<h2 class=\"elementor-heading-title elementor-size-default\">Landing Page<\/h2>\t\t\t\t<\/div>\n\t\t\t\t<\/div>\n\t\t\t\t<div class=\"elementor-element elementor-element-59526f9 elementor-widget elementor-widget-heading\" data-id=\"59526f9\" data-element_type=\"widget\" data-e-type=\"widget\" data-widget_type=\"heading.default\">\n\t\t\t\t<div class=\"elementor-widget-container\">\n\t\t\t\t\t<h2 class=\"elementor-heading-title elementor-size-default\">P\u00e1gina personalizada con informaci\u00f3n del producto o servicio que se quiere vender, ideales para encontrar clientes potenciales y aumentar el trafico de la web.<\/h2>\t\t\t\t<\/div>\n\t\t\t\t<\/div>\n\t\t\t\t<div class=\"elementor-element elementor-element-3310a87 elementor-widget elementor-widget-toggle\" data-id=\"3310a87\" data-element_type=\"widget\" data-e-type=\"widget\" data-widget_type=\"toggle.default\">\n\t\t\t\t<div class=\"elementor-widget-container\">\n\t\t\t\t\t\t\t<div class=\"elementor-toggle\">\n\t\t\t\t\t\t\t<div class=\"elementor-toggle-item\">\n\t\t\t\t\t<div id=\"elementor-tab-title-5351\" class=\"elementor-tab-title\" data-tab=\"1\" role=\"button\" aria-controls=\"elementor-tab-content-5351\" aria-expanded=\"false\">\n\t\t\t\t\t\t\t\t\t\t\t\t<span class=\"elementor-toggle-icon elementor-toggle-icon-left\" aria-hidden=\"true\">\n\t\t\t\t\t\t\t\t\t\t\t\t\t\t\t<span class=\"elementor-toggle-icon-closed\"><svg class=\"e-font-icon-svg e-fas-caret-right\" viewBox=\"0 0 192 512\" xmlns=\"http:\/\/www.w3.org\/2000\/svg\"><path d=\"M0 384.662V127.338c0-17.818 21.543-26.741 34.142-14.142l128.662 128.662c7.81 7.81 7.81 20.474 0 28.284L34.142 398.804C21.543 411.404 0 402.48 0 384.662z\"><\/path><\/svg><\/span>\n\t\t\t\t\t\t\t\t<span class=\"elementor-toggle-icon-opened\"><svg class=\"elementor-toggle-icon-opened e-font-icon-svg e-fas-caret-up\" viewBox=\"0 0 320 512\" xmlns=\"http:\/\/www.w3.org\/2000\/svg\"><path d=\"M288.662 352H31.338c-17.818 0-26.741-21.543-14.142-34.142l128.662-128.662c7.81-7.81 20.474-7.81 28.284 0l128.662 128.662c12.6 12.599 3.676 34.142-14.142 34.142z\"><\/path><\/svg><\/span>\n\t\t\t\t\t\t\t\t\t\t\t\t\t<\/span>\n\t\t\t\t\t\t\t\t\t\t\t\t<a class=\"elementor-toggle-title\" tabindex=\"0\">\u00bfQu\u00e9 incluye?<\/a>\n\t\t\t\t\t<\/div>\n\n\t\t\t\t\t<div id=\"elementor-tab-content-5351\" class=\"elementor-tab-content elementor-clearfix\" data-tab=\"1\" role=\"region\" aria-labelledby=\"elementor-tab-title-5351\"><ul><li>Producto o servicio.<\/li><li>Caracter\u00edsticas.<\/li><li>El beneficio principal.<\/li><li>Los beneficios adicionales.<\/li><li>Im\u00e1genes o fotograf\u00edas.<\/li><li>Testimonios de clientes.<\/li><li>Preguntas frecuentes(FAQ).<\/li><li>Llamada a la acci\u00f3n (CTA).<\/li><li>Datos de contacto.<\/li><li>Formulario de contacto.<\/li><li>Dise\u00f1o UX\/UI Personalizado<\/li><li>Dise\u00f1o responsivo (Adaptable a todos los dispositivos).<\/li><li>Optimizaci\u00f3n SEO<\/li><\/ul><\/div>\n\t\t\t\t<\/div>\n\t\t\t\t\t\t\t\t<\/div>\n\t\t\t\t\t\t<\/div>\n\t\t\t\t<\/div>\n\t\t\t\t<div class=\"elementor-element elementor-element-b1a127e elementor-align-center elementor-widget elementor-widget-button\" data-id=\"b1a127e\" data-element_type=\"widget\" data-e-type=\"widget\" data-widget_type=\"button.default\">\n\t\t\t\t<div class=\"elementor-widget-container\">\n\t\t\t\t\t\t\t\t\t<div class=\"elementor-button-wrapper\">\n\t\t\t\t\t<a class=\"elementor-button elementor-button-link elementor-size-sm\" href=\"https:\/\/jrdesign.com.mx\/contacto\/\">\n\t\t\t\t\t\t<span class=\"elementor-button-content-wrapper\">\n\t\t\t\t\t\t\t\t\t<span class=\"elementor-button-text\">Cotizar<\/span>\n\t\t\t\t\t<\/span>\n\t\t\t\t\t<\/a>\n\t\t\t\t<\/div>\n\t\t\t\t\t\t\t\t<\/div>\n\t\t\t\t<\/div>\n\t\t\t\t<\/div>\n\t\t\t\t<div class=\"elementor-element elementor-element-a608d89 elementor-widget elementor-widget-image\" data-id=\"a608d89\" data-element_type=\"widget\" data-e-type=\"widget\" data-widget_type=\"image.default\">\n\t\t\t\t<div class=\"elementor-widget-container\">\n\t\t\t\t\t\t\t\t\t\t\t\t\t\t\t<img decoding=\"async\" width=\"1024\" height=\"1024\" src=\"https:\/\/jrdesign.com.mx\/wp-content\/uploads\/2024\/10\/ServicioLandingPage-optimizada-1024x1024.webp\" class=\"attachment-large size-large wp-image-3128\" alt=\"Landing Page Arqademy\" srcset=\"https:\/\/jrdesign.com.mx\/wp-content\/uploads\/2024\/10\/ServicioLandingPage-optimizada-1024x1024.webp 1024w, https:\/\/jrdesign.com.mx\/wp-content\/uploads\/2024\/10\/ServicioLandingPage-optimizada-300x300.webp 300w, https:\/\/jrdesign.com.mx\/wp-content\/uploads\/2024\/10\/ServicioLandingPage-optimizada-100x100.webp 100w, https:\/\/jrdesign.com.mx\/wp-content\/uploads\/2024\/10\/ServicioLandingPage-optimizada-800x800.webp 800w, https:\/\/jrdesign.com.mx\/wp-content\/uploads\/2024\/10\/ServicioLandingPage-optimizada-150x150.webp 150w, https:\/\/jrdesign.com.mx\/wp-content\/uploads\/2024\/10\/ServicioLandingPage-optimizada-768x768.webp 768w, https:\/\/jrdesign.com.mx\/wp-content\/uploads\/2024\/10\/ServicioLandingPage-optimizada-1536x1536.webp 1536w\" sizes=\"(max-width: 1024px) 100vw, 1024px\" \/>\t\t\t\t\t\t\t\t\t\t\t\t\t\t\t<\/div>\n\t\t\t\t<\/div>\n\t\t\t\t<\/div>\n\t\t\t\t\t<\/div>\n\t\t\t\t<\/div>\n\t\t<div class=\"elementor-element elementor-element-621ee45 e-flex e-con-boxed e-con e-parent\" data-id=\"621ee45\" data-element_type=\"container\" data-e-type=\"container\">\n\t\t\t\t\t<div class=\"e-con-inner\">\n\t\t<div class=\"elementor-element elementor-element-a4568e0 e-grid e-con-full elementor-invisible e-con e-child\" data-id=\"a4568e0\" data-element_type=\"container\" data-e-type=\"container\" data-settings=\"{&quot;animation&quot;:&quot;fadeInLeft&quot;}\">\n\t\t<div class=\"elementor-element elementor-element-0a06639 e-con-full e-flex e-con e-child\" data-id=\"0a06639\" data-element_type=\"container\" data-e-type=\"container\">\n\t\t\t\t<div class=\"elementor-element elementor-element-beeb622 elementor-widget elementor-widget-heading\" data-id=\"beeb622\" data-element_type=\"widget\" data-e-type=\"widget\" data-widget_type=\"heading.default\">\n\t\t\t\t<div class=\"elementor-widget-container\">\n\t\t\t\t\t<h2 class=\"elementor-heading-title elementor-size-default\">E-commerce<\/h2>\t\t\t\t<\/div>\n\t\t\t\t<\/div>\n\t\t\t\t<div class=\"elementor-element elementor-element-53da3dc elementor-widget elementor-widget-heading\" data-id=\"53da3dc\" data-element_type=\"widget\" data-e-type=\"widget\" data-widget_type=\"heading.default\">\n\t\t\t\t<div class=\"elementor-widget-container\">\n\t\t\t\t\t<h2 class=\"elementor-heading-title elementor-size-default\">Empieza a vender en l\u00ednea de manera efectiva y lleva tu negocio al siguiente nivel con una tienda online hecha a medida.\n\n<\/h2>\t\t\t\t<\/div>\n\t\t\t\t<\/div>\n\t\t\t\t<div class=\"elementor-element elementor-element-02e3866 elementor-widget elementor-widget-toggle\" data-id=\"02e3866\" data-element_type=\"widget\" data-e-type=\"widget\" data-widget_type=\"toggle.default\">\n\t\t\t\t<div class=\"elementor-widget-container\">\n\t\t\t\t\t\t\t<div class=\"elementor-toggle\">\n\t\t\t\t\t\t\t<div class=\"elementor-toggle-item\">\n\t\t\t\t\t<div id=\"elementor-tab-title-3021\" class=\"elementor-tab-title\" data-tab=\"1\" role=\"button\" aria-controls=\"elementor-tab-content-3021\" aria-expanded=\"false\">\n\t\t\t\t\t\t\t\t\t\t\t\t<span class=\"elementor-toggle-icon elementor-toggle-icon-left\" aria-hidden=\"true\">\n\t\t\t\t\t\t\t\t\t\t\t\t\t\t\t<span class=\"elementor-toggle-icon-closed\"><svg class=\"e-font-icon-svg e-fas-caret-right\" viewBox=\"0 0 192 512\" xmlns=\"http:\/\/www.w3.org\/2000\/svg\"><path d=\"M0 384.662V127.338c0-17.818 21.543-26.741 34.142-14.142l128.662 128.662c7.81 7.81 7.81 20.474 0 28.284L34.142 398.804C21.543 411.404 0 402.48 0 384.662z\"><\/path><\/svg><\/span>\n\t\t\t\t\t\t\t\t<span class=\"elementor-toggle-icon-opened\"><svg class=\"elementor-toggle-icon-opened e-font-icon-svg e-fas-caret-up\" viewBox=\"0 0 320 512\" xmlns=\"http:\/\/www.w3.org\/2000\/svg\"><path d=\"M288.662 352H31.338c-17.818 0-26.741-21.543-14.142-34.142l128.662-128.662c7.81-7.81 20.474-7.81 28.284 0l128.662 128.662c12.6 12.599 3.676 34.142-14.142 34.142z\"><\/path><\/svg><\/span>\n\t\t\t\t\t\t\t\t\t\t\t\t\t<\/span>\n\t\t\t\t\t\t\t\t\t\t\t\t<a class=\"elementor-toggle-title\" tabindex=\"0\">\u00bfQu\u00e9 incluye?<\/a>\n\t\t\t\t\t<\/div>\n\n\t\t\t\t\t<div id=\"elementor-tab-content-3021\" class=\"elementor-tab-content elementor-clearfix\" data-tab=\"1\" role=\"region\" aria-labelledby=\"elementor-tab-title-3021\"><ul><li>Cat\u00e1logo de productos<\/li><li>Carrito de compras<\/li><li>Pasarela de pago<\/li><li>5 secciones (Inicio, nosotros, productos, contacto, tienda, etc).<\/li><li>Personalizado<\/li><li>Im\u00e1genes.<\/li><li>Iconos.<\/li><li>Formulario de contacto.<\/li><li>Dise\u00f1o UX\/UI<\/li><li>Dise\u00f1o responsivo (Adaptable a todos los dispositivos).<\/li><li>Optimizaci\u00f3n SEO<\/li><\/ul><\/div>\n\t\t\t\t<\/div>\n\t\t\t\t\t\t\t\t<\/div>\n\t\t\t\t\t\t<\/div>\n\t\t\t\t<\/div>\n\t\t\t\t<div class=\"elementor-element elementor-element-b38808b elementor-align-center elementor-widget elementor-widget-button\" data-id=\"b38808b\" data-element_type=\"widget\" data-e-type=\"widget\" data-widget_type=\"button.default\">\n\t\t\t\t<div class=\"elementor-widget-container\">\n\t\t\t\t\t\t\t\t\t<div class=\"elementor-button-wrapper\">\n\t\t\t\t\t<a class=\"elementor-button elementor-button-link elementor-size-sm\" href=\"https:\/\/jrdesign.com.mx\/contacto\/\">\n\t\t\t\t\t\t<span class=\"elementor-button-content-wrapper\">\n\t\t\t\t\t\t\t\t\t<span class=\"elementor-button-text\">Cotizar<\/span>\n\t\t\t\t\t<\/span>\n\t\t\t\t\t<\/a>\n\t\t\t\t<\/div>\n\t\t\t\t\t\t\t\t<\/div>\n\t\t\t\t<\/div>\n\t\t\t\t<\/div>\n\t\t\t\t<div class=\"elementor-element elementor-element-f3205e2 elementor-widget elementor-widget-image\" data-id=\"f3205e2\" data-element_type=\"widget\" data-e-type=\"widget\" data-widget_type=\"image.default\">\n\t\t\t\t<div class=\"elementor-widget-container\">\n\t\t\t\t\t\t\t\t\t\t\t\t\t\t\t<img decoding=\"async\" width=\"1024\" height=\"1024\" src=\"https:\/\/jrdesign.com.mx\/wp-content\/uploads\/2025\/12\/mockupp-1024x1024.webp\" class=\"attachment-large size-large wp-image-3485\" alt=\"Ecommerce Lilitucandles\" srcset=\"https:\/\/jrdesign.com.mx\/wp-content\/uploads\/2025\/12\/mockupp-1024x1024.webp 1024w, https:\/\/jrdesign.com.mx\/wp-content\/uploads\/2025\/12\/mockupp-300x300.webp 300w, https:\/\/jrdesign.com.mx\/wp-content\/uploads\/2025\/12\/mockupp-scaled-100x100.webp 100w, https:\/\/jrdesign.com.mx\/wp-content\/uploads\/2025\/12\/mockupp-scaled-800x800.webp 800w, https:\/\/jrdesign.com.mx\/wp-content\/uploads\/2025\/12\/mockupp-150x150.webp 150w, https:\/\/jrdesign.com.mx\/wp-content\/uploads\/2025\/12\/mockupp-768x768.webp 768w, https:\/\/jrdesign.com.mx\/wp-content\/uploads\/2025\/12\/mockupp-1536x1536.webp 1536w, https:\/\/jrdesign.com.mx\/wp-content\/uploads\/2025\/12\/mockupp-2048x2048.webp 2048w, https:\/\/jrdesign.com.mx\/wp-content\/uploads\/2025\/12\/mockupp-12x12.webp 12w\" sizes=\"(max-width: 1024px) 100vw, 1024px\" \/>\t\t\t\t\t\t\t\t\t\t\t\t\t\t\t<\/div>\n\t\t\t\t<\/div>\n\t\t\t\t<\/div>\n\t\t\t\t\t<\/div>\n\t\t\t\t<\/div>\n\t\t\t\t<\/div>\n\t\t","protected":false},"excerpt":{"rendered":"<p>\u00bfC\u00f3mo puedo ayudarte? Sitio Web Dise\u00f1o y desarrollo de tu sitio web personalizado con la mejor experiencia de usuario y adaptable en todos los dispositivos. \u00bfQu\u00e9 incluye? 5 secciones (Inicio, nosotros, productos, contacto, etc). Im\u00e1genes. Im\u00e1genes de stock. Iconos. Formulario de contacto. Dise\u00f1o UX\/UI Dise\u00f1o responsivo (Adaptable a todos los dispositivos). Optimizaci\u00f3n SEO Cotizar Landing [&hellip;]<\/p>\n","protected":false},"author":1,"featured_media":0,"parent":0,"menu_order":0,"comment_status":"closed","ping_status":"closed","template":"elementor_header_footer","meta":{"footnotes":""},"class_list":["post-26","page","type-page","status-publish","hentry"],"blocksy_meta":[],"aioseo_notices":[],"_links":{"self":[{"href":"https:\/\/jrdesign.com.mx\/en\/wp-json\/wp\/v2\/pages\/26","targetHints":{"allow":["GET"]}}],"collection":[{"href":"https:\/\/jrdesign.com.mx\/en\/wp-json\/wp\/v2\/pages"}],"about":[{"href":"https:\/\/jrdesign.com.mx\/en\/wp-json\/wp\/v2\/types\/page"}],"author":[{"embeddable":true,"href":"https:\/\/jrdesign.com.mx\/en\/wp-json\/wp\/v2\/users\/1"}],"replies":[{"embeddable":true,"href":"https:\/\/jrdesign.com.mx\/en\/wp-json\/wp\/v2\/comments?post=26"}],"version-history":[{"count":205,"href":"https:\/\/jrdesign.com.mx\/en\/wp-json\/wp\/v2\/pages\/26\/revisions"}],"predecessor-version":[{"id":3851,"href":"https:\/\/jrdesign.com.mx\/en\/wp-json\/wp\/v2\/pages\/26\/revisions\/3851"}],"wp:attachment":[{"href":"https:\/\/jrdesign.com.mx\/en\/wp-json\/wp\/v2\/media?parent=26"}],"curies":[{"name":"wp","href":"https:\/\/api.w.org\/{rel}","templated":true}]}}