{"id":30,"date":"2024-08-23T17:49:56","date_gmt":"2024-08-23T23:49:56","guid":{"rendered":"https:\/\/jrdesign.com.mx\/?page_id=30"},"modified":"2026-04-05T22:23:36","modified_gmt":"2026-04-06T04:23:36","slug":"nosotros","status":"publish","type":"page","link":"https:\/\/jrdesign.com.mx\/en\/nosotros\/","title":{"rendered":"US"},"content":{"rendered":"<div data-elementor-type=\"wp-page\" data-elementor-id=\"30\" class=\"elementor elementor-30\" data-elementor-post-type=\"page\">\n\t\t\t\t<div class=\"elementor-element elementor-element-d04d0ee e-grid e-con-boxed elementor-invisible e-con e-parent\" data-id=\"d04d0ee\" data-element_type=\"container\" data-e-type=\"container\" data-settings=\"{&quot;animation&quot;:&quot;fadeInLeft&quot;}\">\n\t\t\t\t\t<div class=\"e-con-inner\">\n\t\t<div class=\"elementor-element elementor-element-1ce7bef e-con-full e-flex e-con e-child\" data-id=\"1ce7bef\" data-element_type=\"container\" data-e-type=\"container\">\n\t\t\t\t<div class=\"elementor-element elementor-element-77bfe08 elementor-widget elementor-widget-image\" data-id=\"77bfe08\" data-element_type=\"widget\" data-e-type=\"widget\" data-settings=\"{&quot;motion_fx_motion_fx_mouse&quot;:&quot;yes&quot;}\" data-widget_type=\"image.default\">\n\t\t\t\t<div class=\"elementor-widget-container\">\n\t\t\t\t\t\t\t\t\t\t\t\t\t\t\t<img fetchpriority=\"high\" decoding=\"async\" width=\"1002\" height=\"1024\" src=\"https:\/\/jrdesign.com.mx\/wp-content\/uploads\/2025\/12\/Im-Juan-OUR-1002x1024.webp\" class=\"attachment-large size-large wp-image-3414\" alt=\"web designer\" srcset=\"https:\/\/jrdesign.com.mx\/wp-content\/uploads\/2025\/12\/Im-Juan-OUR-1002x1024.webp 1002w, https:\/\/jrdesign.com.mx\/wp-content\/uploads\/2025\/12\/Im-Juan-OUR-800x818.webp 800w, https:\/\/jrdesign.com.mx\/wp-content\/uploads\/2025\/12\/Im-Juan-OUR-293x300.webp 293w, https:\/\/jrdesign.com.mx\/wp-content\/uploads\/2025\/12\/Im-Juan-OUR-768x785.webp 768w, https:\/\/jrdesign.com.mx\/wp-content\/uploads\/2025\/12\/Im-Juan-OUR-1502x1536.webp 1502w, https:\/\/jrdesign.com.mx\/wp-content\/uploads\/2025\/12\/Im-Juan-OUR-2003x2048.webp 2003w, https:\/\/jrdesign.com.mx\/wp-content\/uploads\/2025\/12\/Im-Juan-OUR-12x12.webp 12w\" sizes=\"(max-width: 1002px) 100vw, 1002px\" \/>\t\t\t\t\t\t\t\t\t\t\t\t\t\t\t<\/div>\n\t\t\t\t<\/div>\n\t\t\t\t<\/div>\n\t\t<div class=\"elementor-element elementor-element-decf56d e-con-full e-flex e-con e-child\" data-id=\"decf56d\" data-element_type=\"container\" data-e-type=\"container\">\n\t\t\t\t<div class=\"elementor-element elementor-element-9989b5d elementor-widget elementor-widget-heading\" data-id=\"9989b5d\" data-element_type=\"widget\" data-e-type=\"widget\" data-widget_type=\"heading.default\">\n\t\t\t\t<div class=\"elementor-widget-container\">\n\t\t\t\t\t<h2 class=\"elementor-heading-title elementor-size-default\">Hi, I\u2019m Juan<\/h2>\t\t\t\t<\/div>\n\t\t\t\t<\/div>\n\t\t\t\t<div class=\"elementor-element elementor-element-7ef21ee elementor-widget elementor-widget-heading\" data-id=\"7ef21ee\" data-element_type=\"widget\" data-e-type=\"widget\" data-widget_type=\"heading.default\">\n\t\t\t\t<div class=\"elementor-widget-container\">\n\t\t\t\t\t<h4 class=\"elementor-heading-title elementor-size-default\">A web designer passionate about transforming ideas into impactful visual experiences. As long as I can remember, design has been my form of expression, and over time, I\u2019ve been fortunate to turn this passion into my profession. I love creating websites that are not only visually appealing, but also intuitive and easy to use.<\/h4>\t\t\t\t<\/div>\n\t\t\t\t<\/div>\n\t\t\t\t<div class=\"elementor-element elementor-element-69a81df elementor-widget elementor-widget-heading\" data-id=\"69a81df\" data-element_type=\"widget\" data-e-type=\"widget\" data-widget_type=\"heading.default\">\n\t\t\t\t<div class=\"elementor-widget-container\">\n\t\t\t\t\t<h4 class=\"elementor-heading-title elementor-size-default\">I\u2019ve had the opportunity to work with diverse brands, helping them establish an effective online presence. For me, it\u2019s essential that every website I design provides a pleasant and efficient user experience.<\/h4>\t\t\t\t<\/div>\n\t\t\t\t<\/div>\n\t\t\t\t<\/div>\n\t\t\t\t\t<\/div>\n\t\t\t\t<\/div>\n\t\t<div class=\"elementor-element elementor-element-90428f2 e-grid e-con-boxed elementor-invisible e-con e-parent\" data-id=\"90428f2\" data-element_type=\"container\" data-e-type=\"container\" data-settings=\"{&quot;animation&quot;:&quot;fadeInRight&quot;}\">\n\t\t\t\t\t<div class=\"e-con-inner\">\n\t\t<div class=\"elementor-element elementor-element-2cf6500 e-con-full e-flex e-con e-child\" data-id=\"2cf6500\" data-element_type=\"container\" data-e-type=\"container\">\n\t\t\t\t<div class=\"elementor-element elementor-element-85724d8 elementor-widget elementor-widget-heading\" data-id=\"85724d8\" data-element_type=\"widget\" data-e-type=\"widget\" data-widget_type=\"heading.default\">\n\t\t\t\t<div class=\"elementor-widget-container\">\n\t\t\t\t\t<h2 class=\"elementor-heading-title elementor-size-default\">My beginnings<\/h2>\t\t\t\t<\/div>\n\t\t\t\t<\/div>\n\t\t\t\t<div class=\"elementor-element elementor-element-64c8749 elementor-widget elementor-widget-heading\" data-id=\"64c8749\" data-element_type=\"widget\" data-e-type=\"widget\" data-widget_type=\"heading.default\">\n\t\t\t\t<div class=\"elementor-widget-container\">\n\t\t\t\t\t<h4 class=\"elementor-heading-title elementor-size-default\">My passion for web design began when I was in high school. From that moment on, I was fascinated by the idea of creating websites that were not only functional, but also visually appealing. I spent hours exploring different design approaches and experimenting with the first tools available to me.<\/h4>\t\t\t\t<\/div>\n\t\t\t\t<\/div>\n\t\t\t\t<div class=\"elementor-element elementor-element-eb45b71 elementor-widget elementor-widget-heading\" data-id=\"eb45b71\" data-element_type=\"widget\" data-e-type=\"widget\" data-widget_type=\"heading.default\">\n\t\t\t\t<div class=\"elementor-widget-container\">\n\t\t\t\t\t<h4 class=\"elementor-heading-title elementor-size-default\">Technology has always been another one of my great passions, and I\u2019ve found in web design the perfect combination of creativity and technology. I\u2019m excited by the constant evolution of this field, which is why I\u2019m always looking for ways to stay up to date and learn new techniques and trends.<\/h4>\t\t\t\t<\/div>\n\t\t\t\t<\/div>\n\t\t\t\t<div class=\"elementor-element elementor-element-071c7af elementor-widget elementor-widget-heading\" data-id=\"071c7af\" data-element_type=\"widget\" data-e-type=\"widget\" data-widget_type=\"heading.default\">\n\t\t\t\t<div class=\"elementor-widget-container\">\n\t\t\t\t\t<h4 class=\"elementor-heading-title elementor-size-default\">Those first steps in high school marked the beginning of a journey that led me to turn my hobby into a professional career. With every project, I still feel the same excitement and curiosity that drove me to create my first websites, and I strive to always deliver my best in every piece of work I do.<\/h4>\t\t\t\t<\/div>\n\t\t\t\t<\/div>\n\t\t\t\t<\/div>\n\t\t<div class=\"elementor-element elementor-element-6c43840 e-con-full e-flex e-con e-child\" data-id=\"6c43840\" data-element_type=\"container\" data-e-type=\"container\">\n\t\t\t\t<div class=\"elementor-element elementor-element-6efcfa0 elementor-widget elementor-widget-image\" data-id=\"6efcfa0\" data-element_type=\"widget\" data-e-type=\"widget\" data-widget_type=\"image.default\">\n\t\t\t\t<div class=\"elementor-widget-container\">\n\t\t\t\t\t\t\t\t\t\t\t\t\t\t\t<img decoding=\"async\" width=\"1024\" height=\"768\" src=\"https:\/\/jrdesign.com.mx\/wp-content\/uploads\/2024\/09\/workspace-1024x768.webp\" class=\"attachment-large size-large wp-image-1558\" alt=\"\" srcset=\"https:\/\/jrdesign.com.mx\/wp-content\/uploads\/2024\/09\/workspace-1024x768.webp 1024w, https:\/\/jrdesign.com.mx\/wp-content\/uploads\/2024\/09\/workspace-scaled-800x600.webp 800w, https:\/\/jrdesign.com.mx\/wp-content\/uploads\/2024\/09\/workspace-300x225.webp 300w, https:\/\/jrdesign.com.mx\/wp-content\/uploads\/2024\/09\/workspace-768x576.webp 768w, https:\/\/jrdesign.com.mx\/wp-content\/uploads\/2024\/09\/workspace-1536x1152.webp 1536w, https:\/\/jrdesign.com.mx\/wp-content\/uploads\/2024\/09\/workspace-2048x1536.webp 2048w, https:\/\/jrdesign.com.mx\/wp-content\/uploads\/2024\/09\/workspace-16x12.webp 16w\" sizes=\"(max-width: 1024px) 100vw, 1024px\" \/>\t\t\t\t\t\t\t\t\t\t\t\t\t\t\t<\/div>\n\t\t\t\t<\/div>\n\t\t\t\t<\/div>\n\t\t\t\t\t<\/div>\n\t\t\t\t<\/div>\n\t\t<div class=\"elementor-element elementor-element-4c26084 e-flex e-con-boxed e-con e-parent\" data-id=\"4c26084\" data-element_type=\"container\" data-e-type=\"container\">\n\t\t\t\t\t<div class=\"e-con-inner\">\n\t\t\t\t<div class=\"elementor-element elementor-element-a7da00e elementor-align-center elementor-widget elementor-widget-button\" data-id=\"a7da00e\" data-element_type=\"widget\" data-e-type=\"widget\" data-widget_type=\"button.default\">\n\t\t\t\t<div class=\"elementor-widget-container\">\n\t\t\t\t\t\t\t\t\t<div class=\"elementor-button-wrapper\">\n\t\t\t\t\t<a class=\"elementor-button elementor-button-link elementor-size-sm\" href=\"https:\/\/jrdesign.com.mx\/en\/contacto\/\">\n\t\t\t\t\t\t<span class=\"elementor-button-content-wrapper\">\n\t\t\t\t\t\t\t\t\t<span class=\"elementor-button-text\">Let\u2019s work together<\/span>\n\t\t\t\t\t<\/span>\n\t\t\t\t\t<\/a>\n\t\t\t\t<\/div>\n\t\t\t\t\t\t\t\t<\/div>\n\t\t\t\t<\/div>\n\t\t\t\t\t<\/div>\n\t\t\t\t<\/div>\n\t\t\t\t<\/div>","protected":false},"excerpt":{"rendered":"<p>Hola soy Juan! Un dise\u00f1ador web apasionado por transformar ideas en experiencias visuales impactantes. Desde que tengo memoria, el dise\u00f1o ha sido mi forma de expresi\u00f3n, y con el tiempo, he tenido la fortuna de convertir esta pasi\u00f3n en mi profesi\u00f3n. Me encanta crear sitios web que no solo sean visualmente atractivos, sino tambi\u00e9n intuitivos [&hellip;]<\/p>\n","protected":false},"author":1,"featured_media":3414,"parent":0,"menu_order":0,"comment_status":"closed","ping_status":"closed","template":"elementor_header_footer","meta":{"footnotes":""},"class_list":["post-30","page","type-page","status-publish","has-post-thumbnail","hentry"],"blocksy_meta":[],"aioseo_notices":[],"_links":{"self":[{"href":"https:\/\/jrdesign.com.mx\/en\/wp-json\/wp\/v2\/pages\/30","targetHints":{"allow":["GET"]}}],"collection":[{"href":"https:\/\/jrdesign.com.mx\/en\/wp-json\/wp\/v2\/pages"}],"about":[{"href":"https:\/\/jrdesign.com.mx\/en\/wp-json\/wp\/v2\/types\/page"}],"author":[{"embeddable":true,"href":"https:\/\/jrdesign.com.mx\/en\/wp-json\/wp\/v2\/users\/1"}],"replies":[{"embeddable":true,"href":"https:\/\/jrdesign.com.mx\/en\/wp-json\/wp\/v2\/comments?post=30"}],"version-history":[{"count":124,"href":"https:\/\/jrdesign.com.mx\/en\/wp-json\/wp\/v2\/pages\/30\/revisions"}],"predecessor-version":[{"id":3531,"href":"https:\/\/jrdesign.com.mx\/en\/wp-json\/wp\/v2\/pages\/30\/revisions\/3531"}],"wp:featuredmedia":[{"embeddable":true,"href":"https:\/\/jrdesign.com.mx\/en\/wp-json\/wp\/v2\/media\/3414"}],"wp:attachment":[{"href":"https:\/\/jrdesign.com.mx\/en\/wp-json\/wp\/v2\/media?parent=30"}],"curies":[{"name":"wp","href":"https:\/\/api.w.org\/{rel}","templated":true}]}}