{"id":32,"date":"2024-08-23T17:50:39","date_gmt":"2024-08-23T23:50:39","guid":{"rendered":"https:\/\/jrdesign.com.mx\/?page_id=32"},"modified":"2026-05-03T20:24:59","modified_gmt":"2026-05-04T02:24:59","slug":"contacto","status":"publish","type":"page","link":"https:\/\/jrdesign.com.mx\/en\/contacto\/","title":{"rendered":"Contact"},"content":{"rendered":"\t\t<div data-elementor-type=\"wp-page\" data-elementor-id=\"32\" class=\"elementor elementor-32\" data-elementor-post-type=\"page\">\n\t\t\t\t<div class=\"elementor-element elementor-element-56186b1 e-con-full e-flex e-con e-parent\" data-id=\"56186b1\" data-element_type=\"container\" data-e-type=\"container\">\n\t\t\t\t<div class=\"elementor-element elementor-element-b1dfab9 elementor-invisible elementor-widget elementor-widget-heading\" data-id=\"b1dfab9\" data-element_type=\"widget\" data-e-type=\"widget\" data-settings=\"{&quot;_animation&quot;:&quot;swing&quot;}\" data-widget_type=\"heading.default\">\n\t\t\t\t<div class=\"elementor-widget-container\">\n\t\t\t\t\t<h2 class=\"elementor-heading-title elementor-size-default\">\u00a1Trabajemos juntos!<\/h2>\t\t\t\t<\/div>\n\t\t\t\t<\/div>\n\t\t\t\t<div class=\"elementor-element elementor-element-95f6625 elementor-widget elementor-widget-heading\" data-id=\"95f6625\" data-element_type=\"widget\" data-e-type=\"widget\" data-widget_type=\"heading.default\">\n\t\t\t\t<div class=\"elementor-widget-container\">\n\t\t\t\t\t<h4 class=\"elementor-heading-title elementor-size-default\">Te contacto en menos de 24 horas<\/h4>\t\t\t\t<\/div>\n\t\t\t\t<\/div>\n\t\t<div class=\"elementor-element elementor-element-4d502ef e-grid e-con-full e-con e-child\" data-id=\"4d502ef\" data-element_type=\"container\" data-e-type=\"container\">\n\t\t<div class=\"elementor-element elementor-element-3f2e694 e-flex e-con-boxed e-con e-child\" data-id=\"3f2e694\" data-element_type=\"container\" data-e-type=\"container\">\n\t\t\t\t\t<div class=\"e-con-inner\">\n\t\t\t\t<div class=\"elementor-element elementor-element-70147ae elementor-widget__width-initial centrar-boton elementor-widget elementor-widget-wpforms\" data-id=\"70147ae\" data-element_type=\"widget\" data-e-type=\"widget\" data-widget_type=\"wpforms.default\">\n\t\t\t\t<div class=\"elementor-widget-container\">\n\t\t\t\t\t<style id=\"wpforms-css-vars-elementor-widget-70147ae\">\n\t\t\t\t.elementor-widget-wpforms.elementor-element-70147ae {\n\t\t\t\t--wpforms-button-background-color: #262626;\n\t\t\t}\n\t\t\t<\/style><div class=\"wpforms-container wpforms-container-full wpforms-render-modern\" id=\"wpforms-838\"><form id=\"wpforms-form-838\" class=\"wpforms-validate wpforms-form wpforms-ajax-form\" data-formid=\"838\" method=\"post\" enctype=\"multipart\/form-data\" action=\"\/en\/wp-json\/wp\/v2\/pages\/32\" data-token=\"77fdffa33b2e93c70b8e728bd80eb42d\" data-token-time=\"1778075296\"><noscript class=\"wpforms-error-noscript\">Please enable JavaScript in your browser to complete this form.<\/noscript><div id=\"wpforms-error-noscript\" style=\"display: none;\">Please enable JavaScript in your browser to complete this form.<\/div><div class=\"wpforms-field-container\"><div id=\"wpforms-838-field_1-container\" class=\"wpforms-field wpforms-field-name\" data-field-id=\"1\"><label class=\"wpforms-field-label wpforms-label-hide\" for=\"wpforms-838-field_1\" aria-hidden=\"false\">Nombre <span class=\"wpforms-required-label\" aria-hidden=\"true\">*<\/span><\/label><input type=\"text\" id=\"wpforms-838-field_1\" class=\"wpforms-field-large wpforms-field-required\" name=\"wpforms[fields][1]\" placeholder=\"Nombre\" aria-errormessage=\"wpforms-838-field_1-error\" required><\/div><div id=\"wpforms-838-field_2-container\" class=\"wpforms-field wpforms-field-email\" data-field-id=\"2\"><fieldset><legend class=\"wpforms-field-label wpforms-label-hide\" aria-hidden=\"false\">Correo electr\u00f3nico <span class=\"wpforms-required-label\" aria-hidden=\"true\">*<\/span><\/legend><div class=\"wpforms-field-row wpforms-field-large\"><div class=\"wpforms-field-row-block wpforms-one-half wpforms-first\"><input type=\"email\" id=\"wpforms-838-field_2\" class=\"wpforms-field-required wpforms-field-email-primary\" name=\"wpforms[fields][2][primary]\" placeholder=\"Tu correo electr\u00f3nico\" spellcheck=\"false\" aria-errormessage=\"wpforms-838-field_2-error\" required><label for=\"wpforms-838-field_2\" class=\"wpforms-field-sublabel after wpforms-sublabel-hide\">Email<\/label><\/div><div class=\"wpforms-field-row-block wpforms-one-half\"><input type=\"email\" id=\"wpforms-838-field_2-secondary\" class=\"wpforms-field-email-secondary wpforms-field-required\" data-rule-confirm=\"#wpforms-838-field_2\" name=\"wpforms[fields][2][secondary]\" placeholder=\"Confirma tu correo electr\u00f3nico\" spellcheck=\"false\" aria-errormessage=\"wpforms-838-field_2-secondary-error\" required><label for=\"wpforms-838-field_2-secondary\" class=\"wpforms-field-sublabel after wpforms-sublabel-hide\">Confirm Email<\/label><\/div><\/div><\/fieldset><\/div><div id=\"wpforms-838-field_3-container\" class=\"wpforms-field wpforms-field-select wpforms-field-select-style-modern\" data-field-id=\"3\"><label class=\"wpforms-field-label wpforms-label-hide\" for=\"wpforms-838-field_3\" aria-hidden=\"false\">Servicio <span class=\"wpforms-required-label\" aria-hidden=\"true\">*<\/span><\/label><select id=\"wpforms-838-field_3\" class=\"wpforms-field-large wpforms-field-required choicesjs-select\" data-size-class=\"wpforms-field-row wpforms-field-large\" data-search-enabled=\"\" name=\"wpforms[fields][3]\" required=\"required\"><option value=\"\" class=\"placeholder\" disabled  selected='selected'>Selecciona el servicio requerido<\/option><option value=\"Sitio Web\"  class=\"choice-1 depth-1\"  >Sitio Web<\/option><option value=\"Landing Page\"  class=\"choice-2 depth-1\"  >Landing Page<\/option><option value=\"E-commerce\"  class=\"choice-3 depth-1\"  >E-commerce<\/option><\/select><\/div><div id=\"wpforms-838-field_4-container\" class=\"wpforms-field wpforms-field-text\" data-field-id=\"4\"><label class=\"wpforms-field-label wpforms-label-hide\" for=\"wpforms-838-field_4\" aria-hidden=\"false\">Pa\u00eds <span class=\"wpforms-required-label\" aria-hidden=\"true\">*<\/span><\/label><input type=\"text\" id=\"wpforms-838-field_4\" class=\"wpforms-field-large wpforms-field-required wpforms-limit-characters-enabled\" data-form-id=\"838\" data-field-id=\"4\" data-text-limit=\"50\" name=\"wpforms[fields][4]\" placeholder=\"Pa\u00eds\" aria-errormessage=\"wpforms-838-field_4-error\" maxlength=\"50\" required><\/div><div id=\"wpforms-838-field_5-container\" class=\"wpforms-field wpforms-field-text\" data-field-id=\"5\"><label class=\"wpforms-field-label wpforms-label-hide\" for=\"wpforms-838-field_5\" aria-hidden=\"false\">Nombre de tu marca <span class=\"wpforms-required-label\" aria-hidden=\"true\">*<\/span><\/label><input type=\"text\" id=\"wpforms-838-field_5\" class=\"wpforms-field-large wpforms-field-required wpforms-limit-characters-enabled\" data-form-id=\"838\" data-field-id=\"5\" data-text-limit=\"50\" name=\"wpforms[fields][5]\" placeholder=\"Nombre de tu marca\" aria-errormessage=\"wpforms-838-field_5-error\" maxlength=\"50\" required><\/div><div id=\"wpforms-838-field_11-container\" class=\"wpforms-field wpforms-field-text\" data-field-id=\"11\"><label class=\"wpforms-field-label wpforms-label-hide\" for=\"wpforms-838-field_11\" aria-hidden=\"false\">Instagram \/ Facebook de tu marca<\/label><input type=\"text\" id=\"wpforms-838-field_11\" class=\"wpforms-field-large wpforms-limit-characters-enabled\" data-form-id=\"838\" data-field-id=\"11\" data-text-limit=\"50\" name=\"wpforms[fields][11]\" placeholder=\"Instagram \/ Facebook de tu marca\" aria-errormessage=\"wpforms-838-field_11-error\" maxlength=\"50\" ><\/div>\t\t<div id=\"wpforms-838-field_7-container\"\n\t\t\tclass=\"wpforms-field wpforms-field-text\"\n\t\t\tdata-field-type=\"text\"\n\t\t\tdata-field-id=\"7\"\n\t\t\t>\n\t\t\t<label class=\"wpforms-field-label\" for=\"wpforms-838-field_7\" >de \/ marca<\/label>\n\t\t\t<input type=\"text\" id=\"wpforms-838-field_7\" class=\"wpforms-field-medium\" name=\"wpforms[fields][7]\" >\n\t\t<\/div>\n\t\t<div id=\"wpforms-838-field_6-container\" class=\"wpforms-field wpforms-field-textarea\" data-field-id=\"6\"><label class=\"wpforms-field-label wpforms-label-hide\" for=\"wpforms-838-field_6\" aria-hidden=\"false\">Sobre tu proyecto<\/label><textarea id=\"wpforms-838-field_6\" class=\"wpforms-field-medium wpforms-limit-characters-enabled\" data-form-id=\"838\" data-field-id=\"6\" data-text-limit=\"500\" name=\"wpforms[fields][6]\" placeholder=\"Platicame un poco sobre tu proyecto, producto o servicio que ofreces...\" aria-errormessage=\"wpforms-838-field_6-error\" maxlength=\"500\" ><\/textarea><\/div><script>\n\t\t\t\t( function() {\n\t\t\t\t\tconst style = document.createElement( 'style' );\n\t\t\t\t\tstyle.appendChild( document.createTextNode( '#wpforms-838-field_7-container { position: absolute !important; overflow: hidden !important; display: inline !important; height: 1px !important; width: 1px !important; z-index: -1000 !important; padding: 0 !important; } #wpforms-838-field_7-container input { visibility: hidden; } #wpforms-conversational-form-page #wpforms-838-field_7-container label { counter-increment: none; }' ) );\n\t\t\t\t\tdocument.head.appendChild( style );\n\t\t\t\t\tdocument.currentScript?.remove();\n\t\t\t\t} )();\n\t\t\t<\/script><\/div><!-- .wpforms-field-container --><div class=\"wpforms-recaptcha-container wpforms-is-recaptcha wpforms-is-recaptcha-type-v2\" ><div class=\"g-recaptcha\" data-sitekey=\"6LdPCTYqAAAAAEkcAObVOIwYxN0DkXMB8-hJTCib\"><\/div><input type=\"text\" name=\"g-recaptcha-hidden\" class=\"wpforms-recaptcha-hidden\" style=\"position:absolute!important;clip:rect(0,0,0,0)!important;height:1px!important;width:1px!important;border:0!important;overflow:hidden!important;padding:0!important;margin:0!important;\" data-rule-recaptcha=\"1\"><\/div><div class=\"wpforms-submit-container\" ><input type=\"hidden\" name=\"wpforms[id]\" value=\"838\"><input type=\"hidden\" name=\"page_title\" value=\"\"><input type=\"hidden\" name=\"page_url\" value=\"https:\/\/jrdesign.com.mx\/en\/wp-json\/wp\/v2\/pages\/32\"><input type=\"hidden\" name=\"url_referer\" value=\"\"><button type=\"submit\" name=\"wpforms[submit]\" id=\"wpforms-submit-838\" class=\"wpforms-submit\" data-alt-text=\"Enviando...\" data-submit-text=\"Empezar ahora\" aria-live=\"assertive\" value=\"wpforms-submit\">Empezar ahora<\/button><img decoding=\"async\" src=\"https:\/\/jrdesign.com.mx\/wp-content\/plugins\/wpforms-lite\/assets\/images\/submit-spin.svg\" class=\"wpforms-submit-spinner\" style=\"display: none;\" width=\"26\" height=\"26\" alt=\"Loading\"><\/div><\/form><\/div>  <!-- .wpforms-container -->\t\t\t\t<\/div>\n\t\t\t\t<\/div>\n\t\t\t\t\t<\/div>\n\t\t\t\t<\/div>\n\t\t\t\t<\/div>\n\t\t\t\t<\/div>\n\t\t<div class=\"elementor-element elementor-element-afaaf91 e-flex e-con-boxed e-con e-parent\" data-id=\"afaaf91\" data-element_type=\"container\" data-e-type=\"container\" data-settings=\"{&quot;background_background&quot;:&quot;classic&quot;}\">\n\t\t\t\t\t<div class=\"e-con-inner\">\n\t\t\t\t<div class=\"elementor-element elementor-element-2d6ddd6 elementor-widget elementor-widget-heading\" data-id=\"2d6ddd6\" data-element_type=\"widget\" data-e-type=\"widget\" data-widget_type=\"heading.default\">\n\t\t\t\t<div class=\"elementor-widget-container\">\n\t\t\t\t\t<h2 class=\"elementor-heading-title elementor-size-default\">\u00bfPrefieres contactarme v\u00eda WhatsApp?<\/h2>\t\t\t\t<\/div>\n\t\t\t\t<\/div>\n\t\t\t\t<div class=\"elementor-element elementor-element-a672371 elementor-widget elementor-widget-heading\" data-id=\"a672371\" data-element_type=\"widget\" data-e-type=\"widget\" data-widget_type=\"heading.default\">\n\t\t\t\t<div class=\"elementor-widget-container\">\n\t\t\t\t\t<h3 class=\"elementor-heading-title elementor-size-default\">D\u00e9jame todos los detalles de tu proyecto y a la brevedad te responder\u00e9<\/h3>\t\t\t\t<\/div>\n\t\t\t\t<\/div>\n\t\t\t\t<div class=\"elementor-element elementor-element-e6fce53 elementor-align-center elementor-widget elementor-widget-button\" data-id=\"e6fce53\" data-element_type=\"widget\" data-e-type=\"widget\" data-widget_type=\"button.default\">\n\t\t\t\t<div class=\"elementor-widget-container\">\n\t\t\t\t\t\t\t\t\t<div class=\"elementor-button-wrapper\">\n\t\t\t\t\t<a class=\"elementor-button elementor-button-link elementor-size-sm\" href=\"https:\/\/api.whatsapp.com\/send?phone=523326541643&#038;text=%C2%A1Hola%20Jr%20Design!%20Te%20cuento%20sobre%20mi%20proyecto...\">\n\t\t\t\t\t\t<span class=\"elementor-button-content-wrapper\">\n\t\t\t\t\t\t<span class=\"elementor-button-icon\">\n\t\t\t\t<svg aria-hidden=\"true\" class=\"e-font-icon-svg e-fab-whatsapp\" viewBox=\"0 0 448 512\" xmlns=\"http:\/\/www.w3.org\/2000\/svg\"><path d=\"M380.9 97.1C339 55.1 283.2 32 223.9 32c-122.4 0-222 99.6-222 222 0 39.1 10.2 77.3 29.6 111L0 480l117.7-30.9c32.4 17.7 68.9 27 106.1 27h.1c122.3 0 224.1-99.6 224.1-222 0-59.3-25.2-115-67.1-157zm-157 341.6c-33.2 0-65.7-8.9-94-25.7l-6.7-4-69.8 18.3L72 359.2l-4.4-7c-18.5-29.4-28.2-63.3-28.2-98.2 0-101.7 82.8-184.5 184.6-184.5 49.3 0 95.6 19.2 130.4 54.1 34.8 34.9 56.2 81.2 56.1 130.5 0 101.8-84.9 184.6-186.6 184.6zm101.2-138.2c-5.5-2.8-32.8-16.2-37.9-18-5.1-1.9-8.8-2.8-12.5 2.8-3.7 5.6-14.3 18-17.6 21.8-3.2 3.7-6.5 4.2-12 1.4-32.6-16.3-54-29.1-75.5-66-5.7-9.8 5.7-9.1 16.3-30.3 1.8-3.7.9-6.9-.5-9.7-1.4-2.8-12.5-30.1-17.1-41.2-4.5-10.8-9.1-9.3-12.5-9.5-3.2-.2-6.9-.2-10.6-.2-3.7 0-9.7 1.4-14.8 6.9-5.1 5.6-19.4 19-19.4 46.3 0 27.3 19.9 53.7 22.6 57.4 2.8 3.7 39.1 59.7 94.8 83.8 35.2 15.2 49 16.5 66.6 13.9 10.7-1.6 32.8-13.4 37.4-26.4 4.6-13 4.6-24.1 3.2-26.4-1.3-2.5-5-3.9-10.5-6.6z\"><\/path><\/svg>\t\t\t<\/span>\n\t\t\t\t\t\t\t\t\t<span class=\"elementor-button-text\">Enviar mensaje<\/span>\n\t\t\t\t\t<\/span>\n\t\t\t\t\t<\/a>\n\t\t\t\t<\/div>\n\t\t\t\t\t\t\t\t<\/div>\n\t\t\t\t<\/div>\n\t\t\t\t\t<\/div>\n\t\t\t\t<\/div>\n\t\t\t\t<\/div>\n\t\t","protected":false},"excerpt":{"rendered":"<p>\u00a1Trabajemos juntos! Te contacto en menos de 24 horas Por favor, activa JavaScript en tu navegador para completar este formulario.Por favor, activa JavaScript en tu navegador para completar este formulario.Nombre * Correo electr\u00f3nico * Correo electr\u00f3nicoConfirmar el correo electr\u00f3nico Servicio *Selecciona el servicio requeridoSitio WebLanding PageE-commercePa\u00eds *Nombre de tu marca *Instagram \/ Facebook de tu [&hellip;]<\/p>\n","protected":false},"author":1,"featured_media":0,"parent":0,"menu_order":0,"comment_status":"closed","ping_status":"closed","template":"elementor_header_footer","meta":{"footnotes":""},"class_list":["post-32","page","type-page","status-publish","hentry"],"blocksy_meta":[],"aioseo_notices":[],"_links":{"self":[{"href":"https:\/\/jrdesign.com.mx\/en\/wp-json\/wp\/v2\/pages\/32","targetHints":{"allow":["GET"]}}],"collection":[{"href":"https:\/\/jrdesign.com.mx\/en\/wp-json\/wp\/v2\/pages"}],"about":[{"href":"https:\/\/jrdesign.com.mx\/en\/wp-json\/wp\/v2\/types\/page"}],"author":[{"embeddable":true,"href":"https:\/\/jrdesign.com.mx\/en\/wp-json\/wp\/v2\/users\/1"}],"replies":[{"embeddable":true,"href":"https:\/\/jrdesign.com.mx\/en\/wp-json\/wp\/v2\/comments?post=32"}],"version-history":[{"count":157,"href":"https:\/\/jrdesign.com.mx\/en\/wp-json\/wp\/v2\/pages\/32\/revisions"}],"predecessor-version":[{"id":3915,"href":"https:\/\/jrdesign.com.mx\/en\/wp-json\/wp\/v2\/pages\/32\/revisions\/3915"}],"wp:attachment":[{"href":"https:\/\/jrdesign.com.mx\/en\/wp-json\/wp\/v2\/media?parent=32"}],"curies":[{"name":"wp","href":"https:\/\/api.w.org\/{rel}","templated":true}]}}